{"id":52,"date":"2023-07-07T18:38:24","date_gmt":"2023-07-07T18:38:24","guid":{"rendered":"https:\/\/petervagn.dk\/?page_id=52"},"modified":"2025-10-09T09:10:42","modified_gmt":"2025-10-09T09:10:42","slug":"52-2","status":"publish","type":"page","link":"https:\/\/petervagn.dk\/","title":{"rendered":""},"content":{"rendered":"\n<p class=\"has-text-align-left has-background-color has-foreground-background-color has-text-color has-background\" style=\"padding-top:0;padding-right:0;padding-bottom:0;padding-left:0\">petervagn er et journalistisk kommunikationsbureau.<\/p>\n\n\n\n<p class=\"has-text-align-left has-background-color has-foreground-background-color has-text-color has-background\" style=\"padding-top:0;padding-right:0;padding-bottom:0;padding-left:0\">Vi hj\u00e6lper jer med at definere, hvordan, hvorn\u00e5r og hvor I f\u00e5r mest ud af jeres kommunikations-indsatser.<\/p>\n\n\n\n<p class=\"has-text-align-left has-background-color has-foreground-background-color has-text-color has-background\" style=\"padding-top:0;padding-right:0;padding-bottom:0;padding-left:0\">Vi fastl\u00e6gger eller fastholder linjen for jeres produktioner og udgivelser.<\/p>\n\n\n\n<p class=\"has-text-align-left has-background-color has-foreground-background-color has-text-color has-background\" style=\"padding-top:0;padding-right:0;padding-bottom:0;padding-left:0\">Vi producerer journalistisk indhold til netop jeres m\u00e5lgrupper &#8211; p\u00e5 tv\u00e6rs af kanaler.<\/p>\n\n\n\n<p class=\"has-text-align-left has-background-color has-foreground-background-color has-text-color has-background\" style=\"padding-top:0;padding-right:0;padding-bottom:0;padding-left:0\">Vi str\u00e6ber efter fortr\u00e6ffelighed.<\/p>\n\n\n\n<p class=\"has-text-align-left has-background-color has-foreground-background-color has-text-color has-background\" style=\"padding-top:0;padding-right:0;padding-bottom:0;padding-left:0\">Det ved Arla, Aller Media, Fl\u00fcgger, GROHE og mange andre &#8211; m\u00e5ske vi ogs\u00e5 er noget for jer?<\/p>\n\n\n\n<p class=\"has-text-align-left has-background-color has-foreground-background-color has-text-color has-background\" style=\"padding-top:0;padding-right:0;padding-bottom:0;padding-left:0\">petervagn<\/p>\n\n\n\n<p class=\"has-text-align-left has-background-color has-foreground-background-color has-text-color has-background\" style=\"padding-top:0;padding-right:0;padding-bottom:0;padding-left:0\"><a href=\"mailto:rasmus@petervagn.dk\">rasmus@petervagn.dk<\/a><br><a href=\"tel:+4520476167\">2047 6167<\/a><\/p>\n","protected":false},"excerpt":{"rendered":"<p>petervagn er et journalistisk kommunikationsbureau. Vi hj\u00e6lper jer med at definere, hvordan, hvorn\u00e5r og hvor I f\u00e5r mest ud af jeres kommunikations-indsatser. Vi fastl\u00e6gger eller fastholder linjen for jeres produktioner og udgivelser. Vi producerer journalistisk indhold til netop jeres m\u00e5lgrupper &#8211; p\u00e5 tv\u00e6rs af kanaler. Vi str\u00e6ber efter fortr\u00e6ffelighed. Det ved Arla, Aller Media, Fl\u00fcgger, [&hellip;]<\/p>\n","protected":false},"author":1,"featured_media":0,"parent":0,"menu_order":0,"comment_status":"closed","ping_status":"closed","template":"","meta":{"_monsterinsights_skip_tracking":false,"_monsterinsights_sitenote_active":false,"_monsterinsights_sitenote_note":"","_monsterinsights_sitenote_category":0,"footnotes":""},"class_list":["post-52","page","type-page","status-publish","hentry"],"yoast_head":"<!-- This site is optimized with the Yoast SEO plugin v21.2 - https:\/\/yoast.com\/wordpress\/plugins\/seo\/ -->\n<title>Kommunikation og journalistik | petervagn<\/title>\n<meta name=\"description\" content=\"Hos petervagn hj\u00e6lper vi dig med indholdsstrategi, produktion og redakt\u00f8rarbejde - altid fra et journalistisk udgangspunkt.\" \/>\n<meta name=\"robots\" content=\"index, follow, max-snippet:-1, max-image-preview:large, max-video-preview:-1\" \/>\n<link rel=\"canonical\" href=\"https:\/\/petervagn.dk\/\" \/>\n<meta property=\"og:locale\" content=\"da_DK\" \/>\n<meta property=\"og:type\" content=\"article\" \/>\n<meta property=\"og:title\" content=\"Kommunikation og journalistik | petervagn\" \/>\n<meta property=\"og:description\" content=\"Hos petervagn hj\u00e6lper vi dig med indholdsstrategi, produktion og redakt\u00f8rarbejde - altid fra et journalistisk udgangspunkt.\" \/>\n<meta property=\"og:url\" content=\"https:\/\/petervagn.dk\/\" \/>\n<meta property=\"og:site_name\" content=\"petervagn\" \/>\n<meta property=\"article:modified_time\" content=\"2025-10-09T09:10:42+00:00\" \/>\n<meta name=\"twitter:card\" content=\"summary_large_image\" \/>\n<meta name=\"twitter:label1\" content=\"Estimeret l\u00e6setid\" \/>\n\t<meta name=\"twitter:data1\" content=\"1 minut\" \/>\n<script type=\"application\/ld+json\" class=\"yoast-schema-graph\">{\"@context\":\"https:\/\/schema.org\",\"@graph\":[{\"@type\":\"WebPage\",\"@id\":\"https:\/\/petervagn.dk\/\",\"url\":\"https:\/\/petervagn.dk\/\",\"name\":\"Kommunikation og journalistik | petervagn\",\"isPartOf\":{\"@id\":\"https:\/\/petervagn.dk\/#website\"},\"datePublished\":\"2023-07-07T18:38:24+00:00\",\"dateModified\":\"2025-10-09T09:10:42+00:00\",\"description\":\"Hos petervagn hj\u00e6lper vi dig med indholdsstrategi, produktion og redakt\u00f8rarbejde - altid fra et journalistisk udgangspunkt.\",\"inLanguage\":\"da-DK\",\"potentialAction\":[{\"@type\":\"ReadAction\",\"target\":[\"https:\/\/petervagn.dk\/\"]}]},{\"@type\":\"WebSite\",\"@id\":\"https:\/\/petervagn.dk\/#website\",\"url\":\"https:\/\/petervagn.dk\/\",\"name\":\"petervagn\",\"description\":\"\",\"publisher\":{\"@id\":\"https:\/\/petervagn.dk\/#organization\"},\"potentialAction\":[{\"@type\":\"SearchAction\",\"target\":{\"@type\":\"EntryPoint\",\"urlTemplate\":\"https:\/\/petervagn.dk\/?s={search_term_string}\"},\"query-input\":\"required name=search_term_string\"}],\"inLanguage\":\"da-DK\"},{\"@type\":\"Organization\",\"@id\":\"https:\/\/petervagn.dk\/#organization\",\"name\":\"petervagn\",\"url\":\"https:\/\/petervagn.dk\/\",\"logo\":{\"@type\":\"ImageObject\",\"inLanguage\":\"da-DK\",\"@id\":\"https:\/\/petervagn.dk\/#\/schema\/logo\/image\/\",\"url\":\"https:\/\/petervagn.dk\/wp-content\/uploads\/2023\/11\/pv-e1707767120734.png\",\"contentUrl\":\"https:\/\/petervagn.dk\/wp-content\/uploads\/2023\/11\/pv-e1707767120734.png\",\"width\":322,\"height\":461,\"caption\":\"petervagn\"},\"image\":{\"@id\":\"https:\/\/petervagn.dk\/#\/schema\/logo\/image\/\"}}]}<\/script>\n<!-- \/ Yoast SEO plugin. -->","yoast_head_json":{"title":"Kommunikation og journalistik | petervagn","description":"Hos petervagn hj\u00e6lper vi dig med indholdsstrategi, produktion og redakt\u00f8rarbejde - altid fra et journalistisk udgangspunkt.","robots":{"index":"index","follow":"follow","max-snippet":"max-snippet:-1","max-image-preview":"max-image-preview:large","max-video-preview":"max-video-preview:-1"},"canonical":"https:\/\/petervagn.dk\/","og_locale":"da_DK","og_type":"article","og_title":"Kommunikation og journalistik | petervagn","og_description":"Hos petervagn hj\u00e6lper vi dig med indholdsstrategi, produktion og redakt\u00f8rarbejde - altid fra et journalistisk udgangspunkt.","og_url":"https:\/\/petervagn.dk\/","og_site_name":"petervagn","article_modified_time":"2025-10-09T09:10:42+00:00","twitter_card":"summary_large_image","twitter_misc":{"Estimeret l\u00e6setid":"1 minut"},"schema":{"@context":"https:\/\/schema.org","@graph":[{"@type":"WebPage","@id":"https:\/\/petervagn.dk\/","url":"https:\/\/petervagn.dk\/","name":"Kommunikation og journalistik | petervagn","isPartOf":{"@id":"https:\/\/petervagn.dk\/#website"},"datePublished":"2023-07-07T18:38:24+00:00","dateModified":"2025-10-09T09:10:42+00:00","description":"Hos petervagn hj\u00e6lper vi dig med indholdsstrategi, produktion og redakt\u00f8rarbejde - altid fra et journalistisk udgangspunkt.","inLanguage":"da-DK","potentialAction":[{"@type":"ReadAction","target":["https:\/\/petervagn.dk\/"]}]},{"@type":"WebSite","@id":"https:\/\/petervagn.dk\/#website","url":"https:\/\/petervagn.dk\/","name":"petervagn","description":"","publisher":{"@id":"https:\/\/petervagn.dk\/#organization"},"potentialAction":[{"@type":"SearchAction","target":{"@type":"EntryPoint","urlTemplate":"https:\/\/petervagn.dk\/?s={search_term_string}"},"query-input":"required name=search_term_string"}],"inLanguage":"da-DK"},{"@type":"Organization","@id":"https:\/\/petervagn.dk\/#organization","name":"petervagn","url":"https:\/\/petervagn.dk\/","logo":{"@type":"ImageObject","inLanguage":"da-DK","@id":"https:\/\/petervagn.dk\/#\/schema\/logo\/image\/","url":"https:\/\/petervagn.dk\/wp-content\/uploads\/2023\/11\/pv-e1707767120734.png","contentUrl":"https:\/\/petervagn.dk\/wp-content\/uploads\/2023\/11\/pv-e1707767120734.png","width":322,"height":461,"caption":"petervagn"},"image":{"@id":"https:\/\/petervagn.dk\/#\/schema\/logo\/image\/"}}]}},"_links":{"self":[{"href":"https:\/\/petervagn.dk\/index.php\/wp-json\/wp\/v2\/pages\/52","targetHints":{"allow":["GET"]}}],"collection":[{"href":"https:\/\/petervagn.dk\/index.php\/wp-json\/wp\/v2\/pages"}],"about":[{"href":"https:\/\/petervagn.dk\/index.php\/wp-json\/wp\/v2\/types\/page"}],"author":[{"embeddable":true,"href":"https:\/\/petervagn.dk\/index.php\/wp-json\/wp\/v2\/users\/1"}],"replies":[{"embeddable":true,"href":"https:\/\/petervagn.dk\/index.php\/wp-json\/wp\/v2\/comments?post=52"}],"version-history":[{"count":39,"href":"https:\/\/petervagn.dk\/index.php\/wp-json\/wp\/v2\/pages\/52\/revisions"}],"predecessor-version":[{"id":541,"href":"https:\/\/petervagn.dk\/index.php\/wp-json\/wp\/v2\/pages\/52\/revisions\/541"}],"wp:attachment":[{"href":"https:\/\/petervagn.dk\/index.php\/wp-json\/wp\/v2\/media?parent=52"}],"curies":[{"name":"wp","href":"https:\/\/api.w.org\/{rel}","templated":true}]}}